{"id":150,"date":"2016-07-07T19:46:55","date_gmt":"2016-07-07T19:46:55","guid":{"rendered":"http:\/\/hamji.ch\/?page_id=150"},"modified":"2018-02-05T11:48:38","modified_gmt":"2018-02-05T11:48:38","slug":"anmeldung-2016","status":"publish","type":"page","link":"https:\/\/hamji.ch\/?page_id=150","title":{"rendered":"Anmeldung 2016"},"content":{"rendered":"<p>Vorsicht, die Anmeldung muss pro Teilnehmer ausgef\u00fcllt werden, damit wir eine vollst\u00e4ndige Liste der Besucher haben. Als Best\u00e4tigung der Anmeldung dient der Zahlungseingang auf unser Bankkonto.<\/p>\n<p><em>Erwachsene: 75.- (ab 1999 und \u00e4lter)<\/em><br \/>\n<em>Jugendliche: 30.- (2000 &#8211; 2009)<\/em><br \/>\n<em>Kinder: Gratis (2010 und j\u00fcnger)<\/em><\/p>\n<p>ANMELDUNG 2016 ist geschlossen.<\/p>\n<p>&nbsp;<\/p>\n<h6><a href=\"http:\/\/hamji.ch\/?p=184\">Zu denBankverbindungen<\/a><\/h6>\n","protected":false},"excerpt":{"rendered":"<p>Vorsicht, die Anmeldung muss pro Teilnehmer ausgef\u00fcllt werden, damit wir eine vollst\u00e4ndige Liste der Besucher haben. Als Best\u00e4tigung der Anmeldung dient der Zahlungseingang auf unser Bankkonto. Erwachsene: 75.- (ab 1999 und \u00e4lter) Jugendliche: 30.- (2000 &#8211; 2009) Kinder: Gratis (2010 und j\u00fcnger) ANMELDUNG 2016 ist geschlossen. &nbsp; Zu denBankverbindungen<\/p>\n","protected":false},"author":1,"featured_media":0,"parent":0,"menu_order":0,"comment_status":"closed","ping_status":"closed","template":"","meta":{"footnotes":""},"class_list":["post-150","page","type-page","status-publish","hentry","et-bg-layout-dark","et-white-bg"],"_links":{"self":[{"href":"https:\/\/hamji.ch\/index.php?rest_route=\/wp\/v2\/pages\/150","targetHints":{"allow":["GET"]}}],"collection":[{"href":"https:\/\/hamji.ch\/index.php?rest_route=\/wp\/v2\/pages"}],"about":[{"href":"https:\/\/hamji.ch\/index.php?rest_route=\/wp\/v2\/types\/page"}],"author":[{"embeddable":true,"href":"https:\/\/hamji.ch\/index.php?rest_route=\/wp\/v2\/users\/1"}],"replies":[{"embeddable":true,"href":"https:\/\/hamji.ch\/index.php?rest_route=%2Fwp%2Fv2%2Fcomments&post=150"}],"version-history":[{"count":9,"href":"https:\/\/hamji.ch\/index.php?rest_route=\/wp\/v2\/pages\/150\/revisions"}],"predecessor-version":[{"id":417,"href":"https:\/\/hamji.ch\/index.php?rest_route=\/wp\/v2\/pages\/150\/revisions\/417"}],"wp:attachment":[{"href":"https:\/\/hamji.ch\/index.php?rest_route=%2Fwp%2Fv2%2Fmedia&parent=150"}],"curies":[{"name":"wp","href":"https:\/\/api.w.org\/{rel}","templated":true}]}}